{"id":2132,"date":"2024-10-10T15:43:41","date_gmt":"2024-10-10T13:43:41","guid":{"rendered":"https:\/\/odyssee-francophone.com\/?page_id=2132"},"modified":"2024-10-10T15:43:41","modified_gmt":"2024-10-10T13:43:41","slug":"enfants-collegiens-lyceens","status":"publish","type":"page","link":"https:\/\/odyssee-francophone.com\/en\/enfants-collegiens-lyceens\/","title":{"rendered":"Children, Middle and High school students"},"content":{"rendered":"<figure class=\"wp-block-image alignright size-large is-resized\"><img loading=\"lazy\" decoding=\"async\" width=\"1024\" height=\"683\" src=\"https:\/\/odyssee-francophone.com\/wp-content\/uploads\/2024\/10\/2fpjlaymqta-1024x683.jpg\" alt=\"three person pointing the silver laptop computer\" class=\"wp-image-2054\" style=\"width:432px;height:auto\" srcset=\"https:\/\/odyssee-francophone.com\/wp-content\/uploads\/2024\/10\/2fpjlaymqta-1024x683.jpg 1024w, https:\/\/odyssee-francophone.com\/wp-content\/uploads\/2024\/10\/2fpjlaymqta-600x400.jpg 600w, https:\/\/odyssee-francophone.com\/wp-content\/uploads\/2024\/10\/2fpjlaymqta-300x200.jpg 300w, https:\/\/odyssee-francophone.com\/wp-content\/uploads\/2024\/10\/2fpjlaymqta-768x512.jpg 768w, https:\/\/odyssee-francophone.com\/wp-content\/uploads\/2024\/10\/2fpjlaymqta-1536x1024.jpg 1536w, https:\/\/odyssee-francophone.com\/wp-content\/uploads\/2024\/10\/2fpjlaymqta.jpg 1600w\" sizes=\"auto, (max-width: 1024px) 100vw, 1024px\" \/><\/figure>\n\n\n\n<p>Welcome to children, teenagers, and high school students looking to strengthen their French skills! My lessons are specially tailored for students currently enrolled in a French high school or those seeking to consolidate their language knowledge.<\/p>\n\n\n\n<p class=\"translation-block\">\ud83d\udcda <strong>Structured Academic Support :<\/strong> Whether to complement the current school curriculum, my lessons provide targeted support, covering vocabulary to grammar rules.<\/p>\n\n\n\n<p class=\"translation-block\">\ud83c\udf1f <strong>Preparation for Enrollment in a Francophone Environment :<\/strong> For those considering schooling in a French-speaking environment, my individual or group lessons provide adequate preparation. Learn in a setting tailored to your needs and get ready to take the leap with confidence.<\/p>\n\n\n\n<p class=\"translation-block\">\ud83e\udd1d <strong>Group Lessons (upon request): <\/strong>You have the option to participate in group lessons if you wish. This option provides a collaborative atmosphere where learning becomes a shared experience, allowing students to progress together.<\/p>\n\n\n\n<p>Join me for a systematic exploration of French. My needs-based approach provides a stable platform to enhance your language skills.<\/p>","protected":false},"excerpt":{"rendered":"<p>Bienvenue aux enfants, adolescents et lyc\u00e9ens en qu\u00eate de renforcement de leurs comp\u00e9tences en fran\u00e7ais ! Mes cours sont sp\u00e9cialement adapt\u00e9s aux \u00e9l\u00e8ves actuellement scolaris\u00e9s dans un lyc\u00e9e fran\u00e7ais ou cherchant \u00e0 consolider leurs connaissances linguistiques. \ud83d\udcda Soutien Scolaire Structur\u00e9 : Que ce soit pour accompagner le programme scolaire actuel, mes cours offrent un soutien [&hellip;]<\/p>","protected":false},"author":1,"featured_media":2054,"parent":0,"menu_order":0,"comment_status":"closed","ping_status":"closed","template":"","meta":{"_uag_custom_page_level_css":"","site-sidebar-layout":"default","site-content-layout":"","ast-site-content-layout":"default","site-content-style":"default","site-sidebar-style":"default","ast-global-header-display":"","ast-banner-title-visibility":"","ast-main-header-display":"","ast-hfb-above-header-display":"","ast-hfb-below-header-display":"","ast-hfb-mobile-header-display":"","site-post-title":"","ast-breadcrumbs-content":"","ast-featured-img":"","footer-sml-layout":"","theme-transparent-header-meta":"","adv-header-id-meta":"","stick-header-meta":"","header-above-stick-meta":"","header-main-stick-meta":"","header-below-stick-meta":"","astra-migrate-meta-layouts":"set","ast-page-background-enabled":"default","ast-page-background-meta":{"desktop":{"background-color":"","background-image":"","background-repeat":"repeat","background-position":"center center","background-size":"auto","background-attachment":"scroll","background-type":"","background-media":"","overlay-type":"","overlay-color":"","overlay-opacity":"","overlay-gradient":""},"tablet":{"background-color":"","background-image":"","background-repeat":"repeat","background-position":"center center","background-size":"auto","background-attachment":"scroll","background-type":"","background-media":"","overlay-type":"","overlay-color":"","overlay-opacity":"","overlay-gradient":""},"mobile":{"background-color":"","background-image":"","background-repeat":"repeat","background-position":"center center","background-size":"auto","background-attachment":"scroll","background-type":"","background-media":"","overlay-type":"","overlay-color":"","overlay-opacity":"","overlay-gradient":""}},"ast-content-background-meta":{"desktop":{"background-color":"var(--ast-global-color-5)","background-image":"","background-repeat":"repeat","background-position":"center center","background-size":"auto","background-attachment":"scroll","background-type":"","background-media":"","overlay-type":"","overlay-color":"","overlay-opacity":"","overlay-gradient":""},"tablet":{"background-color":"var(--ast-global-color-5)","background-image":"","background-repeat":"repeat","background-position":"center center","background-size":"auto","background-attachment":"scroll","background-type":"","background-media":"","overlay-type":"","overlay-color":"","overlay-opacity":"","overlay-gradient":""},"mobile":{"background-color":"var(--ast-global-color-5)","background-image":"","background-repeat":"repeat","background-position":"center center","background-size":"auto","background-attachment":"scroll","background-type":"","background-media":"","overlay-type":"","overlay-color":"","overlay-opacity":"","overlay-gradient":""}},"footnotes":""},"class_list":["post-2132","page","type-page","status-publish","has-post-thumbnail","hentry"],"uagb_featured_image_src":{"full":["https:\/\/odyssee-francophone.com\/wp-content\/uploads\/2024\/10\/2fpjlaymqta.jpg",1600,1067,false],"thumbnail":["https:\/\/odyssee-francophone.com\/wp-content\/uploads\/2024\/10\/2fpjlaymqta-150x150.jpg",150,150,true],"medium":["https:\/\/odyssee-francophone.com\/wp-content\/uploads\/2024\/10\/2fpjlaymqta-300x200.jpg",300,200,true],"medium_large":["https:\/\/odyssee-francophone.com\/wp-content\/uploads\/2024\/10\/2fpjlaymqta-768x512.jpg",768,512,true],"large":["https:\/\/odyssee-francophone.com\/wp-content\/uploads\/2024\/10\/2fpjlaymqta-1024x683.jpg",1024,683,true],"1536x1536":["https:\/\/odyssee-francophone.com\/wp-content\/uploads\/2024\/10\/2fpjlaymqta-1536x1024.jpg",1536,1024,true],"2048x2048":["https:\/\/odyssee-francophone.com\/wp-content\/uploads\/2024\/10\/2fpjlaymqta.jpg",1600,1067,false],"trp-custom-language-flag":["https:\/\/odyssee-francophone.com\/wp-content\/uploads\/2024\/10\/2fpjlaymqta.jpg",18,12,false]},"uagb_author_info":{"display_name":"Baz","author_link":"https:\/\/odyssee-francophone.com\/en\/author\/baz\/"},"uagb_comment_info":0,"uagb_excerpt":"Bienvenue aux enfants, adolescents et lyc\u00e9ens en qu\u00eate de renforcement de leurs comp\u00e9tences en fran\u00e7ais ! Mes cours sont sp\u00e9cialement adapt\u00e9s aux \u00e9l\u00e8ves actuellement scolaris\u00e9s dans un lyc\u00e9e fran\u00e7ais ou cherchant \u00e0 consolider leurs connaissances linguistiques. \ud83d\udcda Soutien Scolaire Structur\u00e9 : Que ce soit pour accompagner le programme scolaire actuel, mes cours offrent un soutien&hellip;","_links":{"self":[{"href":"https:\/\/odyssee-francophone.com\/en\/wp-json\/wp\/v2\/pages\/2132","targetHints":{"allow":["GET"]}}],"collection":[{"href":"https:\/\/odyssee-francophone.com\/en\/wp-json\/wp\/v2\/pages"}],"about":[{"href":"https:\/\/odyssee-francophone.com\/en\/wp-json\/wp\/v2\/types\/page"}],"author":[{"embeddable":true,"href":"https:\/\/odyssee-francophone.com\/en\/wp-json\/wp\/v2\/users\/1"}],"replies":[{"embeddable":true,"href":"https:\/\/odyssee-francophone.com\/en\/wp-json\/wp\/v2\/comments?post=2132"}],"version-history":[{"count":4,"href":"https:\/\/odyssee-francophone.com\/en\/wp-json\/wp\/v2\/pages\/2132\/revisions"}],"predecessor-version":[{"id":2160,"href":"https:\/\/odyssee-francophone.com\/en\/wp-json\/wp\/v2\/pages\/2132\/revisions\/2160"}],"wp:featuredmedia":[{"embeddable":true,"href":"https:\/\/odyssee-francophone.com\/en\/wp-json\/wp\/v2\/media\/2054"}],"wp:attachment":[{"href":"https:\/\/odyssee-francophone.com\/en\/wp-json\/wp\/v2\/media?parent=2132"}],"curies":[{"name":"wp","href":"https:\/\/api.w.org\/{rel}","templated":true}]}}