{"id":2127,"date":"2024-10-07T17:56:46","date_gmt":"2024-10-07T15:56:46","guid":{"rendered":"https:\/\/odyssee-francophone.com\/?page_id=2127"},"modified":"2024-10-10T15:52:33","modified_gmt":"2024-10-10T13:52:33","slug":"preparations-aux-examens-dalf-et-delf","status":"publish","type":"page","link":"https:\/\/odyssee-francophone.com\/en\/preparations-aux-examens-dalf-et-delf\/","title":{"rendered":"Preparation for DALF and DELF Exams"},"content":{"rendered":"<figure class=\"wp-block-image alignright size-large is-resized\"><img loading=\"lazy\" decoding=\"async\" width=\"1024\" height=\"683\" src=\"https:\/\/odyssee-francophone.com\/wp-content\/uploads\/2024\/10\/qdgtqoyk6b8-1024x683.jpg\" alt=\"person writing on white paper\" class=\"wp-image-2056\" style=\"width:552px;height:auto\" srcset=\"https:\/\/odyssee-francophone.com\/wp-content\/uploads\/2024\/10\/qdgtqoyk6b8-1024x683.jpg 1024w, https:\/\/odyssee-francophone.com\/wp-content\/uploads\/2024\/10\/qdgtqoyk6b8-600x400.jpg 600w, https:\/\/odyssee-francophone.com\/wp-content\/uploads\/2024\/10\/qdgtqoyk6b8-300x200.jpg 300w, https:\/\/odyssee-francophone.com\/wp-content\/uploads\/2024\/10\/qdgtqoyk6b8-768x512.jpg 768w, https:\/\/odyssee-francophone.com\/wp-content\/uploads\/2024\/10\/qdgtqoyk6b8-1536x1024.jpg 1536w, https:\/\/odyssee-francophone.com\/wp-content\/uploads\/2024\/10\/qdgtqoyk6b8.jpg 1600w\" sizes=\"auto, (max-width: 1024px) 100vw, 1024px\" \/><\/figure>\n\n\n\n<p>You have a clear goal ahead of you : to pass your DELF or DALF exam. I am here to guide you at every step of this demanding journey, with carefully designed preparation courses to provide you with the confidence and skills you need.<\/p>\n\n\n\n<p>\ud83c\udfc6 <strong>Achieve Your Language Goals :<\/strong> My exam preparation courses for the DELF and DALF are focused on enhancing your language skills. With exam strategies and specific tips for each section, I prepare you for every aspect of the test.<\/p>\n\n\n\n<p class=\"translation-block\">\ud83c\udfaf <strong>Intensive Practice Sessions :<\/strong> Practice is the key to success. My intensive practice sessions will help you familiarize yourself with the structure of the exams, improve your time management, and refine your exam strategy.<\/p>\n\n\n\n<p>\ud83e\udd1d <strong>Personalized Support :<\/strong> Each learner is unique. Benefit from personalized support to target your specific weaknesses and maximize your strengths. I am here to answer your questions and guide you through every step of the process<\/p>\n\n\n\n<p>Don't leave anything to chance. Join me for thorough preparation that will set you on the path to success. Your success in the DELF or DALF starts here.<\/p>","protected":false},"excerpt":{"rendered":"<p>Vous avez un objectif clair devant vous : r\u00e9ussir votre examen DELF ou DALF. Je suis l\u00e0 pour vous guider \u00e0 chaque \u00e9tape de ce parcours exigeant, avec des cours de pr\u00e9paration soigneusement con\u00e7us pour vous offrir la confiance et les comp\u00e9tences n\u00e9cessaires. \ud83c\udfc6 Atteignez Vos Objectifs Linguistiques : Mes cours de pr\u00e9paration aux examens [&hellip;]<\/p>","protected":false},"author":1,"featured_media":2056,"parent":0,"menu_order":0,"comment_status":"closed","ping_status":"closed","template":"","meta":{"_uag_custom_page_level_css":"","site-sidebar-layout":"default","site-content-layout":"","ast-site-content-layout":"default","site-content-style":"default","site-sidebar-style":"default","ast-global-header-display":"","ast-banner-title-visibility":"","ast-main-header-display":"","ast-hfb-above-header-display":"","ast-hfb-below-header-display":"","ast-hfb-mobile-header-display":"","site-post-title":"","ast-breadcrumbs-content":"","ast-featured-img":"","footer-sml-layout":"","theme-transparent-header-meta":"","adv-header-id-meta":"","stick-header-meta":"","header-above-stick-meta":"","header-main-stick-meta":"","header-below-stick-meta":"","astra-migrate-meta-layouts":"set","ast-page-background-enabled":"default","ast-page-background-meta":{"desktop":{"background-color":"","background-image":"","background-repeat":"repeat","background-position":"center center","background-size":"auto","background-attachment":"scroll","background-type":"","background-media":"","overlay-type":"","overlay-color":"","overlay-opacity":"","overlay-gradient":""},"tablet":{"background-color":"","background-image":"","background-repeat":"repeat","background-position":"center center","background-size":"auto","background-attachment":"scroll","background-type":"","background-media":"","overlay-type":"","overlay-color":"","overlay-opacity":"","overlay-gradient":""},"mobile":{"background-color":"","background-image":"","background-repeat":"repeat","background-position":"center center","background-size":"auto","background-attachment":"scroll","background-type":"","background-media":"","overlay-type":"","overlay-color":"","overlay-opacity":"","overlay-gradient":""}},"ast-content-background-meta":{"desktop":{"background-color":"var(--ast-global-color-5)","background-image":"","background-repeat":"repeat","background-position":"center center","background-size":"auto","background-attachment":"scroll","background-type":"","background-media":"","overlay-type":"","overlay-color":"","overlay-opacity":"","overlay-gradient":""},"tablet":{"background-color":"var(--ast-global-color-5)","background-image":"","background-repeat":"repeat","background-position":"center center","background-size":"auto","background-attachment":"scroll","background-type":"","background-media":"","overlay-type":"","overlay-color":"","overlay-opacity":"","overlay-gradient":""},"mobile":{"background-color":"var(--ast-global-color-5)","background-image":"","background-repeat":"repeat","background-position":"center center","background-size":"auto","background-attachment":"scroll","background-type":"","background-media":"","overlay-type":"","overlay-color":"","overlay-opacity":"","overlay-gradient":""}},"footnotes":""},"class_list":["post-2127","page","type-page","status-publish","has-post-thumbnail","hentry"],"uagb_featured_image_src":{"full":["https:\/\/odyssee-francophone.com\/wp-content\/uploads\/2024\/10\/qdgtqoyk6b8.jpg",1600,1067,false],"thumbnail":["https:\/\/odyssee-francophone.com\/wp-content\/uploads\/2024\/10\/qdgtqoyk6b8-150x150.jpg",150,150,true],"medium":["https:\/\/odyssee-francophone.com\/wp-content\/uploads\/2024\/10\/qdgtqoyk6b8-300x200.jpg",300,200,true],"medium_large":["https:\/\/odyssee-francophone.com\/wp-content\/uploads\/2024\/10\/qdgtqoyk6b8-768x512.jpg",768,512,true],"large":["https:\/\/odyssee-francophone.com\/wp-content\/uploads\/2024\/10\/qdgtqoyk6b8-1024x683.jpg",1024,683,true],"1536x1536":["https:\/\/odyssee-francophone.com\/wp-content\/uploads\/2024\/10\/qdgtqoyk6b8-1536x1024.jpg",1536,1024,true],"2048x2048":["https:\/\/odyssee-francophone.com\/wp-content\/uploads\/2024\/10\/qdgtqoyk6b8.jpg",1600,1067,false],"trp-custom-language-flag":["https:\/\/odyssee-francophone.com\/wp-content\/uploads\/2024\/10\/qdgtqoyk6b8.jpg",18,12,false]},"uagb_author_info":{"display_name":"Baz","author_link":"https:\/\/odyssee-francophone.com\/en\/author\/baz\/"},"uagb_comment_info":0,"uagb_excerpt":"Vous avez un objectif clair devant vous : r\u00e9ussir votre examen DELF ou DALF. Je suis l\u00e0 pour vous guider \u00e0 chaque \u00e9tape de ce parcours exigeant, avec des cours de pr\u00e9paration soigneusement con\u00e7us pour vous offrir la confiance et les comp\u00e9tences n\u00e9cessaires. \ud83c\udfc6 Atteignez Vos Objectifs Linguistiques : Mes cours de pr\u00e9paration aux examens&hellip;","_links":{"self":[{"href":"https:\/\/odyssee-francophone.com\/en\/wp-json\/wp\/v2\/pages\/2127","targetHints":{"allow":["GET"]}}],"collection":[{"href":"https:\/\/odyssee-francophone.com\/en\/wp-json\/wp\/v2\/pages"}],"about":[{"href":"https:\/\/odyssee-francophone.com\/en\/wp-json\/wp\/v2\/types\/page"}],"author":[{"embeddable":true,"href":"https:\/\/odyssee-francophone.com\/en\/wp-json\/wp\/v2\/users\/1"}],"replies":[{"embeddable":true,"href":"https:\/\/odyssee-francophone.com\/en\/wp-json\/wp\/v2\/comments?post=2127"}],"version-history":[{"count":3,"href":"https:\/\/odyssee-francophone.com\/en\/wp-json\/wp\/v2\/pages\/2127\/revisions"}],"predecessor-version":[{"id":2163,"href":"https:\/\/odyssee-francophone.com\/en\/wp-json\/wp\/v2\/pages\/2127\/revisions\/2163"}],"wp:featuredmedia":[{"embeddable":true,"href":"https:\/\/odyssee-francophone.com\/en\/wp-json\/wp\/v2\/media\/2056"}],"wp:attachment":[{"href":"https:\/\/odyssee-francophone.com\/en\/wp-json\/wp\/v2\/media?parent=2127"}],"curies":[{"name":"wp","href":"https:\/\/api.w.org\/{rel}","templated":true}]}}